{"id":2674,"date":"2024-07-14T19:25:35","date_gmt":"2024-07-14T16:25:35","guid":{"rendered":"https:\/\/meditoryajans.com\/digitaler-laden\/"},"modified":"2024-12-25T16:22:03","modified_gmt":"2024-12-25T13:22:03","slug":"digitaler-laden","status":"publish","type":"page","link":"https:\/\/meditoryajans.com\/de\/digitaler-laden\/","title":{"rendered":"Digitaler Laden"},"content":{"rendered":"\t\t<div data-elementor-type=\"wp-page\" data-elementor-id=\"2674\" class=\"elementor elementor-2674 elementor-1264\" data-elementor-settings=\"{&quot;element_pack_global_tooltip_width&quot;:{&quot;unit&quot;:&quot;px&quot;,&quot;size&quot;:&quot;&quot;,&quot;sizes&quot;:[]},&quot;element_pack_global_tooltip_width_tablet&quot;:{&quot;unit&quot;:&quot;px&quot;,&quot;size&quot;:&quot;&quot;,&quot;sizes&quot;:[]},&quot;element_pack_global_tooltip_width_mobile&quot;:{&quot;unit&quot;:&quot;px&quot;,&quot;size&quot;:&quot;&quot;,&quot;sizes&quot;:[]},&quot;element_pack_global_tooltip_padding&quot;:{&quot;unit&quot;:&quot;px&quot;,&quot;top&quot;:&quot;&quot;,&quot;right&quot;:&quot;&quot;,&quot;bottom&quot;:&quot;&quot;,&quot;left&quot;:&quot;&quot;,&quot;isLinked&quot;:true},&quot;element_pack_global_tooltip_padding_tablet&quot;:{&quot;unit&quot;:&quot;px&quot;,&quot;top&quot;:&quot;&quot;,&quot;right&quot;:&quot;&quot;,&quot;bottom&quot;:&quot;&quot;,&quot;left&quot;:&quot;&quot;,&quot;isLinked&quot;:true},&quot;element_pack_global_tooltip_padding_mobile&quot;:{&quot;unit&quot;:&quot;px&quot;,&quot;top&quot;:&quot;&quot;,&quot;right&quot;:&quot;&quot;,&quot;bottom&quot;:&quot;&quot;,&quot;left&quot;:&quot;&quot;,&quot;isLinked&quot;:true},&quot;element_pack_global_tooltip_border_radius&quot;:{&quot;unit&quot;:&quot;px&quot;,&quot;top&quot;:&quot;&quot;,&quot;right&quot;:&quot;&quot;,&quot;bottom&quot;:&quot;&quot;,&quot;left&quot;:&quot;&quot;,&quot;isLinked&quot;:true},&quot;element_pack_global_tooltip_border_radius_tablet&quot;:{&quot;unit&quot;:&quot;px&quot;,&quot;top&quot;:&quot;&quot;,&quot;right&quot;:&quot;&quot;,&quot;bottom&quot;:&quot;&quot;,&quot;left&quot;:&quot;&quot;,&quot;isLinked&quot;:true},&quot;element_pack_global_tooltip_border_radius_mobile&quot;:{&quot;unit&quot;:&quot;px&quot;,&quot;top&quot;:&quot;&quot;,&quot;right&quot;:&quot;&quot;,&quot;bottom&quot;:&quot;&quot;,&quot;left&quot;:&quot;&quot;,&quot;isLinked&quot;:true}}\">\n\t\t\t\t<div class=\"elementor-element elementor-element-b525f8b e-flex e-con-boxed e-con e-parent\" data-id=\"b525f8b\" data-element_type=\"container\" data-e-type=\"container\">\n\t\t\t\t\t<div class=\"e-con-inner\">\n\t\t\t\t\t<\/div>\n\t\t\t\t<\/div>\n\t\t<div class=\"elementor-element elementor-element-7023b0c e-flex e-con-boxed e-con e-parent\" data-id=\"7023b0c\" data-element_type=\"container\" data-e-type=\"container\">\n\t\t\t\t\t<div class=\"e-con-inner\">\n\t\t\t\t<div class=\"elementor-element elementor-element-6357d3d elementor-widget elementor-widget-heading\" data-id=\"6357d3d\" data-element_type=\"widget\" data-e-type=\"widget\" data-widget_type=\"heading.default\">\n\t\t\t\t<div class=\"elementor-widget-container\">\n\t\t\t\t\t<h2 class=\"elementor-heading-title elementor-size-default\">Digitaler Laden<\/h2>\t\t\t\t<\/div>\n\t\t\t\t<\/div>\n\t\t\t\t<div class=\"elementor-element elementor-element-248eeb0 elementor-widget elementor-widget-bdt-wc-products\" data-id=\"248eeb0\" data-element_type=\"widget\" data-e-type=\"widget\" data-widget_type=\"bdt-wc-products.default\">\n\t\t\t\t<div class=\"elementor-widget-container\">\n\t\t\t\t\t\t\t<div class=\"bdt-wc-products bdt-wc-products-skin-default\" data-bdt-filter=\"animation: false; target: #bdt-wc-product-248eeb0\" data-settings=\"{&quot;posts_source&quot;:&quot;product&quot;,&quot;posts_per_page&quot;:&quot;8&quot;,&quot;ajax_item_load&quot;:4,&quot;posts_select_date&quot;:&quot;anytime&quot;,&quot;posts_orderby&quot;:&quot;date&quot;,&quot;posts_order&quot;:&quot;asc&quot;,&quot;show_filter_bar&quot;:&quot;yes&quot;,&quot;show_badge&quot;:&quot;yes&quot;,&quot;show_title&quot;:&quot;yes&quot;,&quot;title_tags&quot;:&quot;h2&quot;,&quot;show_rating&quot;:&quot;yes&quot;,&quot;show_price&quot;:&quot;yes&quot;,&quot;show_cart&quot;:&quot;yes&quot;,&quot;paged&quot;:1,&quot;nonce&quot;:&quot;a1935722ee&quot;}\">\n\n\t\t\t\n\t\t<div class=\"bdt-ep-grid-filters-wrapper\" id=\"bdt-products-248eeb0\" data-hash-settings=\"{&quot;id&quot;:&quot;bdt-products-248eeb0&quot;,&quot;hashTopOffset&quot;:70,&quot;hashScrollspyTime&quot;:1000}\">\n\n\t\t\t<button class=\"bdt-button bdt-button-default bdt-hidden@m\" type=\"button\">\n\t\t\t\t\t\t\t\t\tFilter\t\t\t\t\t\t\t<\/button>\n\t\t\t<div data-bdt-dropdown=\"mode: click;\"\n\t\t\t\tclass=\"bdt-dropdown bdt-margin-remove-top bdt-margin-remove-bottom bdt-hidden@m\">\n\t\t\t\t<ul class=\"bdt-nav bdt-dropdown-nav\">\n\t\t\t\t\t\t\t\t\t\t\t<li class=\"bdt-ep-grid-filter bdt-active\" data-bdt-filter-control>\n\t\t\t\t\t\t\t<a href=\"#\">All Products<\/a>\n\t\t\t\t\t\t<\/li>\n\t\t\t\t\t\n\t\t\t\t\t\t\t\t\t\t\t\t\t\t\t\t\t<li class=\"bdt-ep-grid-filter\"\n\t\t\t\t\t\t\tdata-bdt-filter-control=\"[data-filter*='bdtf-web-tasarim']\">\n\t\t\t\t\t\t\t<a href=\"#\">\n\t\t\t\t\t\t\t\tWeb Tasar\u0131m\t\t\t\t\t\t\t<\/a>\n\t\t\t\t\t\t<\/li>\n\t\t\t\t\t\t\t\t\t\t\t\t\t\t\t\t\t<li class=\"bdt-ep-grid-filter\"\n\t\t\t\t\t\t\tdata-bdt-filter-control=\"[data-filter*='bdtf-dijital-pazarlama']\">\n\t\t\t\t\t\t\t<a href=\"#\">\n\t\t\t\t\t\t\t\tDijital Pazarlama\t\t\t\t\t\t\t<\/a>\n\t\t\t\t\t\t<\/li>\n\t\t\t\t\t\n\t\t\t\t<\/ul>\n\t\t\t<\/div>\n\n\n\t\t\t<ul class=\"bdt-ep-grid-filters bdt-visible@m\" data-bdt-margin>\n\n\t\t\t\t\t\t\t\t\t<li class=\"bdt-ep-grid-filter bdt-active\" data-bdt-filter-control>\n\t\t\t\t\t\t<a href=\"#\">All Products<\/a>\n\t\t\t\t\t<\/li>\n\t\t\t\t\n\t\t\t\t\t\t\t\t\t\t\t\t\t\t<li class=\"bdt-ep-grid-filter\"\n\t\t\t\t\t\tdata-bdt-filter-control=\"[data-filter*='bdtf-web-tasarim']\">\n\t\t\t\t\t\t<a href=\"#\">\n\t\t\t\t\t\t\tWeb Tasar\u0131m\t\t\t\t\t\t<\/a>\n\t\t\t\t\t<\/li>\n\t\t\t\t\t\t\t\t\t\t\t\t\t\t<li class=\"bdt-ep-grid-filter\"\n\t\t\t\t\t\tdata-bdt-filter-control=\"[data-filter*='bdtf-dijital-pazarlama']\">\n\t\t\t\t\t\t<a href=\"#\">\n\t\t\t\t\t\t\tDijital Pazarlama\t\t\t\t\t\t<\/a>\n\t\t\t\t\t<\/li>\n\t\t\t\t\t\t\t<\/ul>\n\t\t<\/div>\n\t\t\t\t\t<div data-bdt-grid=\"\" class=\"bdt-wc-products-wrapper bdt-grid bdt-grid-medium bdt-child-width-1-3@m bdt-child-width-1-2@s bdt-child-width-1-1\" id=\"bdt-wc-product-248eeb0\">\n\t\t\t\t\n\t\t\t\t\t\n\t\t\t\t\t<div class=\"bdt-wc-product\" data-filter=\"bdtf-web-tasarim\">\n\t\t\t\t\t\t<div class=\"bdt-wc-product-inner\">\n\n\t\t\t\t\t\t\t\t\t\t\t\t\t\t\t<div class=\"bdt-badge bdt-position-top-left bdt-position-small\">\n\t\t\t\t\t\t\t\t\t<span class=\"bdt-onsale\">Angebot!<\/span>\t\t\t\t\t\t\t\t<\/div>\n\t\t\t\t\t\t\t\n\t\t\t\t\t\t\t\t\t<div class=\"bdt-wc-product-image bdt-position-relative bdt-background-cover\">\n\t\t\t<a href=\"https:\/\/meditoryajans.com\/de\/urun\/kucuk-isletme-web-tasarim-hizmeti\/\">\n\t\t\t\t<img decoding=\"async\" data-src=\"https:\/\/meditoryajans.com\/wp-content\/uploads\/2024\/07\/landing-page-web-tasarim-650x366.png\"\n\t\t\t\t\talt=\"K\u00fc\u00e7\u00fck \u0130\u015fletme Web Tasar\u0131m Hizmeti\" src=\"data:image\/svg+xml;base64,PHN2ZyB3aWR0aD0iMSIgaGVpZ2h0PSIxIiB4bWxucz0iaHR0cDovL3d3dy53My5vcmcvMjAwMC9zdmciPjwvc3ZnPg==\" class=\"lazyload\" style=\"--smush-placeholder-width: 650px; --smush-placeholder-aspect-ratio: 650\/366;\">\n\t\t\t<\/a>\n\n\t\t\t\t\t\t\t<div class=\"bdt-wc-add-to-cart \">\n\t\t\t\t\t\t\t\t<a href=\"\/de\/wp-json\/wp\/v2\/pages\/2674?add-to-cart=1261\" data-quantity=\"1\" class=\"button product_type_simple add_to_cart_button ajax_add_to_cart\" data-product_id=\"1261\" data-product_sku=\"\" aria-label=\"In den Warenkorb legen: \u201eK\u00fc\u00e7\u00fck \u0130\u015fletme Web Tasar\u0131m Hizmeti\u201c\" rel=\"nofollow\">In den Warenkorb <i class=\"button-icon ep-icon-arrow-right\"><\/i><\/a>\t\t\n\t\t\t\t<\/div>\n\t\t\t\t\t<\/div>\n\t\t\n\t\t\t\t\t\t\t\n\t\t\t\t\t\t\t<div class=\"bdt-wc-product-desc\">\n\t\t\t\t\t\t\t\t\t\t\t\t\t\t\t\t\t<h2\t\t\t\t\t\t\t\t\t\tclass=\"bdt-wc-product-title\">\n\t\t\t\t\t\t\t\t\t\t<a href=\"https:\/\/meditoryajans.com\/de\/urun\/kucuk-isletme-web-tasarim-hizmeti\/\" class=\"bdt-link-reset\">\n\t\t\t\t\t\t\t\t\t\t\tK\u00fc\u00e7\u00fck \u0130\u015fletme Web Tasar\u0131m Hizmeti\t\t\t\t\t\t\t\t\t\t<\/a>\n\t\t\t\t\t\t\t\t\t<\/h2>\n\t\t\t\t\t\t\t\t\n\t\t\t\t\t\t\t\t\t\t\t\t\t\t\t\t\t\t\t\t\t\t\t\t\t\t\t<div class=\"bdt-wc-product-price\">\n\t\t\t\t\t\t\t\t\t\t\t<p class=\"price\"><del aria-hidden=\"true\"><span class=\"woocommerce-Price-amount amount\"><bdi><span class=\"woocommerce-Price-currencySymbol\">&#8378;<\/span>20.000,00<\/bdi><\/span><\/del> <span class=\"screen-reader-text\">Urspr\u00fcnglicher Preis war: &#8378;20.000,00<\/span><ins aria-hidden=\"true\"><span class=\"woocommerce-Price-amount amount\"><bdi><span class=\"woocommerce-Price-currencySymbol\">&#8378;<\/span>17.000,00<\/bdi><\/span><\/ins><span class=\"screen-reader-text\">Aktueller Preis ist: &#8378;17.000,00.<\/span><\/p>\n\t\t\t\t\t\t\t\t\t\t<\/div>\n\t\t\t\t\t\t\t\t\t\n\t\t\t\t\t\t\t\t\t\t\t\t\t\t\t\t\t\t\t<div class=\"bdt-wc-rating\">\n\t\t\t\t\t\t\t\t\t\t\t\t\t\t\t\t\t\t\t\t\t<\/div>\n\t\t\t\t\t\t\t\t\t\t\t\t\t\t\t\t\t\t\t\t\t\t\t\t<\/div>\n\n\t\t\t\t\t\t<\/div>\n\t\t\t\t\t<\/div>\n\t\t\t\t\n\t\t\t\t\t\n\t\t\t\t\t<div class=\"bdt-wc-product\" data-filter=\"bdtf-web-tasarim\">\n\t\t\t\t\t\t<div class=\"bdt-wc-product-inner\">\n\n\t\t\t\t\t\t\t\t\t\t\t\t\t\t\t<div class=\"bdt-badge bdt-position-top-left bdt-position-small\">\n\t\t\t\t\t\t\t\t\t<span class=\"bdt-onsale\">Angebot!<\/span>\t\t\t\t\t\t\t\t<\/div>\n\t\t\t\t\t\t\t\n\t\t\t\t\t\t\t\t\t<div class=\"bdt-wc-product-image bdt-position-relative bdt-background-cover\">\n\t\t\t<a href=\"https:\/\/meditoryajans.com\/de\/urun\/kurumsal-web-tasarim-hizmeti\/\">\n\t\t\t\t<img decoding=\"async\" data-src=\"https:\/\/meditoryajans.com\/wp-content\/uploads\/2024\/07\/kurumsal-web-tasarim-650x366.png\"\n\t\t\t\t\talt=\"Kurumsal Web Tasar\u0131m Hizmeti\" src=\"data:image\/svg+xml;base64,PHN2ZyB3aWR0aD0iMSIgaGVpZ2h0PSIxIiB4bWxucz0iaHR0cDovL3d3dy53My5vcmcvMjAwMC9zdmciPjwvc3ZnPg==\" class=\"lazyload\" style=\"--smush-placeholder-width: 650px; --smush-placeholder-aspect-ratio: 650\/366;\">\n\t\t\t<\/a>\n\n\t\t\t\t\t\t\t<div class=\"bdt-wc-add-to-cart \">\n\t\t\t\t\t\t\t\t<a href=\"\/de\/wp-json\/wp\/v2\/pages\/2674?add-to-cart=1270\" data-quantity=\"1\" class=\"button product_type_simple add_to_cart_button ajax_add_to_cart\" data-product_id=\"1270\" data-product_sku=\"\" aria-label=\"In den Warenkorb legen: \u201eKurumsal Web Tasar\u0131m Hizmeti\u201c\" rel=\"nofollow\">In den Warenkorb <i class=\"button-icon ep-icon-arrow-right\"><\/i><\/a>\t\t\n\t\t\t\t<\/div>\n\t\t\t\t\t<\/div>\n\t\t\n\t\t\t\t\t\t\t\n\t\t\t\t\t\t\t<div class=\"bdt-wc-product-desc\">\n\t\t\t\t\t\t\t\t\t\t\t\t\t\t\t\t\t<h2\t\t\t\t\t\t\t\t\t\tclass=\"bdt-wc-product-title\">\n\t\t\t\t\t\t\t\t\t\t<a href=\"https:\/\/meditoryajans.com\/de\/urun\/kurumsal-web-tasarim-hizmeti\/\" class=\"bdt-link-reset\">\n\t\t\t\t\t\t\t\t\t\t\tKurumsal Web Tasar\u0131m Hizmeti\t\t\t\t\t\t\t\t\t\t<\/a>\n\t\t\t\t\t\t\t\t\t<\/h2>\n\t\t\t\t\t\t\t\t\n\t\t\t\t\t\t\t\t\t\t\t\t\t\t\t\t\t\t\t\t\t\t\t\t\t\t\t<div class=\"bdt-wc-product-price\">\n\t\t\t\t\t\t\t\t\t\t\t<p class=\"price\"><del aria-hidden=\"true\"><span class=\"woocommerce-Price-amount amount\"><bdi><span class=\"woocommerce-Price-currencySymbol\">&#8378;<\/span>25.000,00<\/bdi><\/span><\/del> <span class=\"screen-reader-text\">Urspr\u00fcnglicher Preis war: &#8378;25.000,00<\/span><ins aria-hidden=\"true\"><span class=\"woocommerce-Price-amount amount\"><bdi><span class=\"woocommerce-Price-currencySymbol\">&#8378;<\/span>22.000,00<\/bdi><\/span><\/ins><span class=\"screen-reader-text\">Aktueller Preis ist: &#8378;22.000,00.<\/span><\/p>\n\t\t\t\t\t\t\t\t\t\t<\/div>\n\t\t\t\t\t\t\t\t\t\n\t\t\t\t\t\t\t\t\t\t\t\t\t\t\t\t\t\t\t<div class=\"bdt-wc-rating\">\n\t\t\t\t\t\t\t\t\t\t\t\t\t\t\t\t\t\t\t\t\t<\/div>\n\t\t\t\t\t\t\t\t\t\t\t\t\t\t\t\t\t\t\t\t\t\t\t\t<\/div>\n\n\t\t\t\t\t\t<\/div>\n\t\t\t\t\t<\/div>\n\t\t\t\t\n\t\t\t\t\t\n\t\t\t\t\t<div class=\"bdt-wc-product\" data-filter=\"bdtf-web-tasarim\">\n\t\t\t\t\t\t<div class=\"bdt-wc-product-inner\">\n\n\t\t\t\t\t\t\t\t\t\t\t\t\t\t\t<div class=\"bdt-badge bdt-position-top-left bdt-position-small\">\n\t\t\t\t\t\t\t\t\t<span class=\"bdt-onsale\">Angebot!<\/span>\t\t\t\t\t\t\t\t<\/div>\n\t\t\t\t\t\t\t\n\t\t\t\t\t\t\t\t\t<div class=\"bdt-wc-product-image bdt-position-relative bdt-background-cover\">\n\t\t\t<a href=\"https:\/\/meditoryajans.com\/de\/urun\/e-ticaret-paketi\/\">\n\t\t\t\t<img decoding=\"async\" data-src=\"https:\/\/meditoryajans.com\/wp-content\/uploads\/2024\/07\/e-ticaret-650x366.png\"\n\t\t\t\t\talt=\"E-Ticaret Paketi\" src=\"data:image\/svg+xml;base64,PHN2ZyB3aWR0aD0iMSIgaGVpZ2h0PSIxIiB4bWxucz0iaHR0cDovL3d3dy53My5vcmcvMjAwMC9zdmciPjwvc3ZnPg==\" class=\"lazyload\" style=\"--smush-placeholder-width: 650px; --smush-placeholder-aspect-ratio: 650\/366;\">\n\t\t\t<\/a>\n\n\t\t\t\t\t\t\t<div class=\"bdt-wc-add-to-cart \">\n\t\t\t\t\t\t\t\t<a href=\"\/de\/wp-json\/wp\/v2\/pages\/2674?add-to-cart=1272\" data-quantity=\"1\" class=\"button product_type_simple add_to_cart_button ajax_add_to_cart\" data-product_id=\"1272\" data-product_sku=\"\" aria-label=\"In den Warenkorb legen: \u201eE-Ticaret Paketi\u201c\" rel=\"nofollow\">In den Warenkorb <i class=\"button-icon ep-icon-arrow-right\"><\/i><\/a>\t\t\n\t\t\t\t<\/div>\n\t\t\t\t\t<\/div>\n\t\t\n\t\t\t\t\t\t\t\n\t\t\t\t\t\t\t<div class=\"bdt-wc-product-desc\">\n\t\t\t\t\t\t\t\t\t\t\t\t\t\t\t\t\t<h2\t\t\t\t\t\t\t\t\t\tclass=\"bdt-wc-product-title\">\n\t\t\t\t\t\t\t\t\t\t<a href=\"https:\/\/meditoryajans.com\/de\/urun\/e-ticaret-paketi\/\" class=\"bdt-link-reset\">\n\t\t\t\t\t\t\t\t\t\t\tE-Ticaret Paketi\t\t\t\t\t\t\t\t\t\t<\/a>\n\t\t\t\t\t\t\t\t\t<\/h2>\n\t\t\t\t\t\t\t\t\n\t\t\t\t\t\t\t\t\t\t\t\t\t\t\t\t\t\t\t\t\t\t\t\t\t\t\t<div class=\"bdt-wc-product-price\">\n\t\t\t\t\t\t\t\t\t\t\t<p class=\"price\"><del aria-hidden=\"true\"><span class=\"woocommerce-Price-amount amount\"><bdi><span class=\"woocommerce-Price-currencySymbol\">&#8378;<\/span>30.000,00<\/bdi><\/span><\/del> <span class=\"screen-reader-text\">Urspr\u00fcnglicher Preis war: &#8378;30.000,00<\/span><ins aria-hidden=\"true\"><span class=\"woocommerce-Price-amount amount\"><bdi><span class=\"woocommerce-Price-currencySymbol\">&#8378;<\/span>29.000,00<\/bdi><\/span><\/ins><span class=\"screen-reader-text\">Aktueller Preis ist: &#8378;29.000,00.<\/span><\/p>\n\t\t\t\t\t\t\t\t\t\t<\/div>\n\t\t\t\t\t\t\t\t\t\n\t\t\t\t\t\t\t\t\t\t\t\t\t\t\t\t\t\t\t<div class=\"bdt-wc-rating\">\n\t\t\t\t\t\t\t\t\t\t\t\t\t\t\t\t\t\t\t\t\t<\/div>\n\t\t\t\t\t\t\t\t\t\t\t\t\t\t\t\t\t\t\t\t\t\t\t\t<\/div>\n\n\t\t\t\t\t\t<\/div>\n\t\t\t\t\t<\/div>\n\t\t\t\t\n\t\t\t\t\t\n\t\t\t\t\t<div class=\"bdt-wc-product\" data-filter=\"bdtf-dijital-pazarlama\">\n\t\t\t\t\t\t<div class=\"bdt-wc-product-inner\">\n\n\t\t\t\t\t\t\t\n\t\t\t\t\t\t\t\t\t<div class=\"bdt-wc-product-image bdt-position-relative bdt-background-cover\">\n\t\t\t<a href=\"https:\/\/meditoryajans.com\/de\/urun\/dijital-gelisim-paketi\/\">\n\t\t\t\t<img decoding=\"async\" data-src=\"https:\/\/meditoryajans.com\/wp-content\/uploads\/2025\/05\/Leonardo_Phoenix_10_A_futuristic_illustration_depicting_a_mode_0-650x367.jpg\"\n\t\t\t\t\talt=\"Dijital Geli\u015fim Paketi\" src=\"data:image\/svg+xml;base64,PHN2ZyB3aWR0aD0iMSIgaGVpZ2h0PSIxIiB4bWxucz0iaHR0cDovL3d3dy53My5vcmcvMjAwMC9zdmciPjwvc3ZnPg==\" class=\"lazyload\" style=\"--smush-placeholder-width: 650px; --smush-placeholder-aspect-ratio: 650\/367;\">\n\t\t\t<\/a>\n\n\t\t\t\t\t\t\t<div class=\"bdt-wc-add-to-cart \">\n\t\t\t\t\t\t\t\t<a href=\"\/de\/wp-json\/wp\/v2\/pages\/2674?add-to-cart=3306\" data-quantity=\"1\" class=\"button product_type_simple add_to_cart_button ajax_add_to_cart\" data-product_id=\"3306\" data-product_sku=\"\" aria-label=\"In den Warenkorb legen: \u201eDijital Geli\u015fim Paketi\u201c\" rel=\"nofollow\">In den Warenkorb <i class=\"button-icon ep-icon-arrow-right\"><\/i><\/a>\t\t\n\t\t\t\t<\/div>\n\t\t\t\t\t<\/div>\n\t\t\n\t\t\t\t\t\t\t\n\t\t\t\t\t\t\t<div class=\"bdt-wc-product-desc\">\n\t\t\t\t\t\t\t\t\t\t\t\t\t\t\t\t\t<h2\t\t\t\t\t\t\t\t\t\tclass=\"bdt-wc-product-title\">\n\t\t\t\t\t\t\t\t\t\t<a href=\"https:\/\/meditoryajans.com\/de\/urun\/dijital-gelisim-paketi\/\" class=\"bdt-link-reset\">\n\t\t\t\t\t\t\t\t\t\t\tDijital Geli\u015fim Paketi\t\t\t\t\t\t\t\t\t\t<\/a>\n\t\t\t\t\t\t\t\t\t<\/h2>\n\t\t\t\t\t\t\t\t\n\t\t\t\t\t\t\t\t\t\t\t\t\t\t\t\t\t\t\t\t\t\t\t\t\t\t\t<div class=\"bdt-wc-product-price\">\n\t\t\t\t\t\t\t\t\t\t\t<p class=\"price\"><span class=\"woocommerce-Price-amount amount\"><bdi><span class=\"woocommerce-Price-currencySymbol\">&#8378;<\/span>28.000,00<\/bdi><\/span><\/p>\n\t\t\t\t\t\t\t\t\t\t<\/div>\n\t\t\t\t\t\t\t\t\t\n\t\t\t\t\t\t\t\t\t\t\t\t\t\t\t\t\t\t\t<div class=\"bdt-wc-rating\">\n\t\t\t\t\t\t\t\t\t\t\t\t\t\t\t\t\t\t\t\t\t<\/div>\n\t\t\t\t\t\t\t\t\t\t\t\t\t\t\t\t\t\t\t\t\t\t\t\t<\/div>\n\n\t\t\t\t\t\t<\/div>\n\t\t\t\t\t<\/div>\n\t\t\t\t\n\t\t\t\t\t\n\t\t\t\t\t<div class=\"bdt-wc-product\" data-filter=\"bdtf-dijital-pazarlama\">\n\t\t\t\t\t\t<div class=\"bdt-wc-product-inner\">\n\n\t\t\t\t\t\t\t\n\t\t\t\t\t\t\t\t\t<div class=\"bdt-wc-product-image bdt-position-relative bdt-background-cover\">\n\t\t\t<a href=\"https:\/\/meditoryajans.com\/de\/urun\/dijital-buyume-paketi\/\">\n\t\t\t\t<img decoding=\"async\" data-src=\"https:\/\/meditoryajans.com\/wp-content\/uploads\/2025\/05\/Leonardo_Phoenix_10_A_futuristic_cityscape_at_dusk_with_sleek_0-650x367.jpg\"\n\t\t\t\t\talt=\"Dijital B\u00fcy\u00fcme Paketi\" src=\"data:image\/svg+xml;base64,PHN2ZyB3aWR0aD0iMSIgaGVpZ2h0PSIxIiB4bWxucz0iaHR0cDovL3d3dy53My5vcmcvMjAwMC9zdmciPjwvc3ZnPg==\" class=\"lazyload\" style=\"--smush-placeholder-width: 650px; --smush-placeholder-aspect-ratio: 650\/367;\">\n\t\t\t<\/a>\n\n\t\t\t\t\t\t\t<div class=\"bdt-wc-add-to-cart \">\n\t\t\t\t\t\t\t\t<a href=\"\/de\/wp-json\/wp\/v2\/pages\/2674?add-to-cart=3310\" data-quantity=\"1\" class=\"button product_type_simple add_to_cart_button ajax_add_to_cart\" data-product_id=\"3310\" data-product_sku=\"\" aria-label=\"In den Warenkorb legen: \u201eDijital B\u00fcy\u00fcme Paketi\u201c\" rel=\"nofollow\">In den Warenkorb <i class=\"button-icon ep-icon-arrow-right\"><\/i><\/a>\t\t\n\t\t\t\t<\/div>\n\t\t\t\t\t<\/div>\n\t\t\n\t\t\t\t\t\t\t\n\t\t\t\t\t\t\t<div class=\"bdt-wc-product-desc\">\n\t\t\t\t\t\t\t\t\t\t\t\t\t\t\t\t\t<h2\t\t\t\t\t\t\t\t\t\tclass=\"bdt-wc-product-title\">\n\t\t\t\t\t\t\t\t\t\t<a href=\"https:\/\/meditoryajans.com\/de\/urun\/dijital-buyume-paketi\/\" class=\"bdt-link-reset\">\n\t\t\t\t\t\t\t\t\t\t\tDijital B\u00fcy\u00fcme Paketi\t\t\t\t\t\t\t\t\t\t<\/a>\n\t\t\t\t\t\t\t\t\t<\/h2>\n\t\t\t\t\t\t\t\t\n\t\t\t\t\t\t\t\t\t\t\t\t\t\t\t\t\t\t\t\t\t\t\t\t\t\t\t<div class=\"bdt-wc-product-price\">\n\t\t\t\t\t\t\t\t\t\t\t<p class=\"price\"><span class=\"woocommerce-Price-amount amount\"><bdi><span class=\"woocommerce-Price-currencySymbol\">&#8378;<\/span>42.000,00<\/bdi><\/span><\/p>\n\t\t\t\t\t\t\t\t\t\t<\/div>\n\t\t\t\t\t\t\t\t\t\n\t\t\t\t\t\t\t\t\t\t\t\t\t\t\t\t\t\t\t<div class=\"bdt-wc-rating\">\n\t\t\t\t\t\t\t\t\t\t\t\t\t\t\t\t\t\t\t\t\t<\/div>\n\t\t\t\t\t\t\t\t\t\t\t\t\t\t\t\t\t\t\t\t\t\t\t\t<\/div>\n\n\t\t\t\t\t\t<\/div>\n\t\t\t\t\t<\/div>\n\t\t\t\t\n\t\t\t\t\t\n\t\t\t\t\t<div class=\"bdt-wc-product\" data-filter=\"bdtf-dijital-pazarlama\">\n\t\t\t\t\t\t<div class=\"bdt-wc-product-inner\">\n\n\t\t\t\t\t\t\t\n\t\t\t\t\t\t\t\t\t<div class=\"bdt-wc-product-image bdt-position-relative bdt-background-cover\">\n\t\t\t<a href=\"https:\/\/meditoryajans.com\/de\/urun\/dijital-kurumsal-paket\/\">\n\t\t\t\t<img decoding=\"async\" data-src=\"https:\/\/meditoryajans.com\/wp-content\/uploads\/2025\/05\/Leonardo_Phoenix_10_A_modern_sleek_and_professional_digital_co_0-650x367.jpg\"\n\t\t\t\t\talt=\"Dijital Kurumsal Paket\" src=\"data:image\/svg+xml;base64,PHN2ZyB3aWR0aD0iMSIgaGVpZ2h0PSIxIiB4bWxucz0iaHR0cDovL3d3dy53My5vcmcvMjAwMC9zdmciPjwvc3ZnPg==\" class=\"lazyload\" style=\"--smush-placeholder-width: 650px; --smush-placeholder-aspect-ratio: 650\/367;\">\n\t\t\t<\/a>\n\n\t\t\t\t\t\t\t<div class=\"bdt-wc-add-to-cart \">\n\t\t\t\t\t\t\t\t<a href=\"\/de\/wp-json\/wp\/v2\/pages\/2674?add-to-cart=3311\" data-quantity=\"1\" class=\"button product_type_simple add_to_cart_button ajax_add_to_cart\" data-product_id=\"3311\" data-product_sku=\"\" aria-label=\"In den Warenkorb legen: \u201eDijital Kurumsal Paket\u201c\" rel=\"nofollow\">In den Warenkorb <i class=\"button-icon ep-icon-arrow-right\"><\/i><\/a>\t\t\n\t\t\t\t<\/div>\n\t\t\t\t\t<\/div>\n\t\t\n\t\t\t\t\t\t\t\n\t\t\t\t\t\t\t<div class=\"bdt-wc-product-desc\">\n\t\t\t\t\t\t\t\t\t\t\t\t\t\t\t\t\t<h2\t\t\t\t\t\t\t\t\t\tclass=\"bdt-wc-product-title\">\n\t\t\t\t\t\t\t\t\t\t<a href=\"https:\/\/meditoryajans.com\/de\/urun\/dijital-kurumsal-paket\/\" class=\"bdt-link-reset\">\n\t\t\t\t\t\t\t\t\t\t\tDijital Kurumsal Paket\t\t\t\t\t\t\t\t\t\t<\/a>\n\t\t\t\t\t\t\t\t\t<\/h2>\n\t\t\t\t\t\t\t\t\n\t\t\t\t\t\t\t\t\t\t\t\t\t\t\t\t\t\t\t\t\t\t\t\t\t\t\t<div class=\"bdt-wc-product-price\">\n\t\t\t\t\t\t\t\t\t\t\t<p class=\"price\"><span class=\"woocommerce-Price-amount amount\"><bdi><span class=\"woocommerce-Price-currencySymbol\">&#8378;<\/span>58.000,00<\/bdi><\/span><\/p>\n\t\t\t\t\t\t\t\t\t\t<\/div>\n\t\t\t\t\t\t\t\t\t\n\t\t\t\t\t\t\t\t\t\t\t\t\t\t\t\t\t\t\t<div class=\"bdt-wc-rating\">\n\t\t\t\t\t\t\t\t\t\t\t\t\t\t\t\t\t\t\t\t\t<\/div>\n\t\t\t\t\t\t\t\t\t\t\t\t\t\t\t\t\t\t\t\t\t\t\t\t<\/div>\n\n\t\t\t\t\t\t<\/div>\n\t\t\t\t\t<\/div>\n\t\t\t\t\t\t\t<\/div>\n\t\t\t\n\t\t<\/div>\n\t\t\t\t\t\t\t\t<\/div>\n\t\t\t\t<\/div>\n\t\t\t\t\t<\/div>\n\t\t\t\t<\/div>\n\t\t\t\t<\/div>\n\t\t","protected":false},"excerpt":{"rendered":"<p>Digitaler Laden Filter All Products Web Tasar\u0131m All Products Web Tasar\u0131m Sepete Ekle K\u00fc\u00e7\u00fck \u0130\u015fletme Web Tasar\u0131m Hizmeti &#8378;7.999,00 Sepete Ekle Kurumsal [&hellip;]<\/p>\n","protected":false},"author":1,"featured_media":0,"parent":0,"menu_order":0,"comment_status":"closed","ping_status":"closed","template":"theme","meta":{"footnotes":""},"class_list":["post-2674","page","type-page","status-publish","hentry"],"_links":{"self":[{"href":"https:\/\/meditoryajans.com\/de\/wp-json\/wp\/v2\/pages\/2674","targetHints":{"allow":["GET"]}}],"collection":[{"href":"https:\/\/meditoryajans.com\/de\/wp-json\/wp\/v2\/pages"}],"about":[{"href":"https:\/\/meditoryajans.com\/de\/wp-json\/wp\/v2\/types\/page"}],"author":[{"embeddable":true,"href":"https:\/\/meditoryajans.com\/de\/wp-json\/wp\/v2\/users\/1"}],"replies":[{"embeddable":true,"href":"https:\/\/meditoryajans.com\/de\/wp-json\/wp\/v2\/comments?post=2674"}],"version-history":[{"count":1,"href":"https:\/\/meditoryajans.com\/de\/wp-json\/wp\/v2\/pages\/2674\/revisions"}],"predecessor-version":[{"id":2678,"href":"https:\/\/meditoryajans.com\/de\/wp-json\/wp\/v2\/pages\/2674\/revisions\/2678"}],"wp:attachment":[{"href":"https:\/\/meditoryajans.com\/de\/wp-json\/wp\/v2\/media?parent=2674"}],"curies":[{"name":"wp","href":"https:\/\/api.w.org\/{rel}","templated":true}]}}