{"id":2698,"date":"2024-05-27T10:28:47","date_gmt":"2024-05-27T07:28:47","guid":{"rendered":"https:\/\/meditoryajans.com\/antalya-video-und-drohnenaufnahmen\/"},"modified":"2024-12-25T16:22:40","modified_gmt":"2024-12-25T13:22:40","slug":"antalya-video-und-drohnenaufnahmen","status":"publish","type":"page","link":"https:\/\/meditoryajans.com\/de\/antalya-video-und-drohnenaufnahmen\/","title":{"rendered":"Antalya Video- und Drohnenaufnahmen"},"content":{"rendered":"\t\t<div data-elementor-type=\"wp-page\" data-elementor-id=\"2698\" class=\"elementor elementor-2698 elementor-895\" data-elementor-settings=\"{&quot;element_pack_global_tooltip_width&quot;:{&quot;unit&quot;:&quot;px&quot;,&quot;size&quot;:&quot;&quot;,&quot;sizes&quot;:[]},&quot;element_pack_global_tooltip_width_tablet&quot;:{&quot;unit&quot;:&quot;px&quot;,&quot;size&quot;:&quot;&quot;,&quot;sizes&quot;:[]},&quot;element_pack_global_tooltip_width_mobile&quot;:{&quot;unit&quot;:&quot;px&quot;,&quot;size&quot;:&quot;&quot;,&quot;sizes&quot;:[]},&quot;element_pack_global_tooltip_padding&quot;:{&quot;unit&quot;:&quot;px&quot;,&quot;top&quot;:&quot;&quot;,&quot;right&quot;:&quot;&quot;,&quot;bottom&quot;:&quot;&quot;,&quot;left&quot;:&quot;&quot;,&quot;isLinked&quot;:true},&quot;element_pack_global_tooltip_padding_tablet&quot;:{&quot;unit&quot;:&quot;px&quot;,&quot;top&quot;:&quot;&quot;,&quot;right&quot;:&quot;&quot;,&quot;bottom&quot;:&quot;&quot;,&quot;left&quot;:&quot;&quot;,&quot;isLinked&quot;:true},&quot;element_pack_global_tooltip_padding_mobile&quot;:{&quot;unit&quot;:&quot;px&quot;,&quot;top&quot;:&quot;&quot;,&quot;right&quot;:&quot;&quot;,&quot;bottom&quot;:&quot;&quot;,&quot;left&quot;:&quot;&quot;,&quot;isLinked&quot;:true},&quot;element_pack_global_tooltip_border_radius&quot;:{&quot;unit&quot;:&quot;px&quot;,&quot;top&quot;:&quot;&quot;,&quot;right&quot;:&quot;&quot;,&quot;bottom&quot;:&quot;&quot;,&quot;left&quot;:&quot;&quot;,&quot;isLinked&quot;:true},&quot;element_pack_global_tooltip_border_radius_tablet&quot;:{&quot;unit&quot;:&quot;px&quot;,&quot;top&quot;:&quot;&quot;,&quot;right&quot;:&quot;&quot;,&quot;bottom&quot;:&quot;&quot;,&quot;left&quot;:&quot;&quot;,&quot;isLinked&quot;:true},&quot;element_pack_global_tooltip_border_radius_mobile&quot;:{&quot;unit&quot;:&quot;px&quot;,&quot;top&quot;:&quot;&quot;,&quot;right&quot;:&quot;&quot;,&quot;bottom&quot;:&quot;&quot;,&quot;left&quot;:&quot;&quot;,&quot;isLinked&quot;:true}}\">\n\t\t\t\t\t\t<div class=\"elementor-section elementor-top-section elementor-element elementor-element-5d7653e0 elementor-section-boxed elementor-section-height-default elementor-section-height-default\" data-id=\"5d7653e0\" data-element_type=\"section\" data-e-type=\"section\">\n\t\t\t\t\t\t<div class=\"elementor-container elementor-column-gap-default\">\n\t\t\t\t\t<div class=\"elementor-column elementor-col-100 elementor-top-column elementor-element elementor-element-77bf7004\" data-id=\"77bf7004\" data-element_type=\"column\" data-e-type=\"column\">\n\t\t\t<div class=\"elementor-widget-wrap elementor-element-populated\">\n\t\t\t\t\t\t<div class=\"elementor-element elementor-element-342f90a0 elementor-widget__width-initial elementor-widget-tablet__width-initial elementor-widget-mobile__width-inherit  ui-split-animate ui-splitby-lines elementor-widget elementor-widget-heading\" data-id=\"342f90a0\" data-element_type=\"widget\" data-e-type=\"widget\" data-settings=\"{&quot;ui_animate_split&quot;:&quot;ui-split-animate&quot;,&quot;ui_animate_split_by&quot;:&quot;lines&quot;,&quot;ui_animate_split_style&quot;:&quot;fadeInUp&quot;}\" data-widget_type=\"heading.default\">\n\t\t\t\t<div class=\"elementor-widget-container\">\n\t\t\t\t\t<h1 class=\"elementor-heading-title elementor-size-default\">Antalya Video- und Drohnenaufnahmen  <\/h1>\t\t\t\t<\/div>\n\t\t\t\t<\/div>\n\t\t\t\t<div class=\"elementor-element elementor-element-8cb7ba6 elementor-widget elementor-widget-heading\" data-id=\"8cb7ba6\" data-element_type=\"widget\" data-e-type=\"widget\" data-widget_type=\"heading.default\">\n\t\t\t\t<div class=\"elementor-widget-container\">\n\t\t\t\t\t<h2 class=\"elementor-heading-title elementor-size-default\">Wir bieten einen einwandfreien Service mit unserer Qualit\u00e4tsausr\u00fcstung und kreativen Ideen<\/h2>\t\t\t\t<\/div>\n\t\t\t\t<\/div>\n\t\t\t\t<div class=\"elementor-element elementor-element-263e379 elementor-widget elementor-widget-text-editor\" data-id=\"263e379\" data-element_type=\"widget\" data-e-type=\"widget\" data-widget_type=\"text-editor.default\">\n\t\t\t\t<div class=\"elementor-widget-container\">\n\t\t\t\t\t\t\t\t\t<p>Im digitalen Zeitalter ist Visualit\u00e4t der Schl\u00fcssel, um die Geschichten von Marken und Personen auf die effektivste Weise zu erz\u00e4hlen. Im Bereich der Videoproduktion reicht es nicht aus, nur \u00fcber eine gute Ausr\u00fcstung zu verf\u00fcgen; es sind auch kreative Ideen und eine starke Vision erforderlich. Wir, [Name des Unternehmens], sind stolz darauf, unseren Kunden mit unserer hochwertigen Ausr\u00fcstung und unseren kreativen Ideen einen hervorragenden Service zu bieten.  <\/p>\n<h4><strong>Qualit\u00e4t Ausr\u00fcstung<\/strong><\/h4>\n<p>Eines der wichtigsten Elemente, die unsere Produktionsqualit\u00e4t bestimmen, ist unsere hochmoderne Ausr\u00fcstung. Zu der von uns verwendeten Ausr\u00fcstung geh\u00f6ren hochaufl\u00f6sende Kamerasysteme, professionelle Beleuchtungsanlagen und hervorragende Tonaufzeichnungsger\u00e4te. <\/p>\n<ul>\n<li><strong>Kameras<\/strong> Mit HDR-Kameras (High Dynamic Range), die in 4K-Aufl\u00f6sung aufnehmen k\u00f6nnen, k\u00f6nnen wir jedes Detail bis ins kleinste Detail einfangen.<\/li>\n<li><strong>Beleuchtung<\/strong> Unsere professionelle Beleuchtungsausr\u00fcstung sorgt f\u00fcr eine hervorragende Beleuchtung in jeder Umgebung. Mit der richtigen Beleuchtung erh\u00e4lt jede Szene einen auff\u00e4lligen Look. <\/li>\n<li><strong>Audio<\/strong> Unsere hochwertigen Mikrofone und Audiorecorder sorgen f\u00fcr klare und scharfe Tonaufnahmen. Wir garantieren Ihnen, dass Ihre Zuschauer jedes Wort und jeden Ton Ihres Videos perfekt h\u00f6ren k\u00f6nnen. <\/li>\n<li><strong>Drohnen-Technologie:<\/strong> Mit unseren hochmodernen Drohnen f\u00fcr Luftaufnahmen erzielen wir Weitwinkel- und beeindruckende Bilder.<\/li>\n<\/ul>\n<h4><strong>Unsere kreativen Ideen<\/strong><\/h4>\n<p>Ganz gleich, wie fortschrittlich die Technologie ist, die Macht der Kreativit\u00e4t kann niemals ignoriert werden. Unser Kreativteam entwickelt f\u00fcr jedes Projekt neue und originelle Ideen. Wir sind st\u00e4ndig auf der Suche nach neuen Methoden und Techniken, um Ihre Geschichte auf die effektivste und eindrucksvollste Weise zu erz\u00e4hlen.  <\/p>\n<ul>\n<li><strong>Storytelling:<\/strong> W\u00e4hrend wir Ihre Geschichte erz\u00e4hlen, schaffen wir fesselnde und einpr\u00e4gsame Szenarien, die die Emotionen der Zuschauer ber\u00fchren. Wir sorgen daf\u00fcr, dass jedes Video eine starke Botschaft hat, die die Zuschauer ber\u00fchrt. <\/li>\n<li><strong>Visuelle Effekte:<\/strong> Mit fortschrittlichen visuellen Effekten f\u00fcgen wir Ihren Videos atemberaubende Details und dynamisches Bildmaterial hinzu. Wir erstellen Videos, bei denen die Zuschauer ihre Augen nicht vom Bildschirm nehmen k\u00f6nnen. <\/li>\n<li><strong>Montage und Bearbeitung:<\/strong> Wir machen Ihre Aufnahmen mit unseren professionellen Montage- und Bearbeitungstechniken perfekt. Durch die sorgf\u00e4ltige Bearbeitung jedes einzelnen Bildes produzieren wir reibungslose und beeindruckende Videos. <\/li>\n<\/ul>\n<h4><strong>Unser makelloser Service-Ansatz<\/strong><\/h4>\n<p>Kundenzufriedenheit steht f\u00fcr uns an erster Stelle. Wir beginnen jedes Projekt mit dem Ziel, die Erwartungen unserer Kunden zu \u00fcbertreffen. Wir stehen in st\u00e4ndiger Kommunikation mit Ihnen und ber\u00fccksichtigen Ihre W\u00fcnsche und Ihr Feedback. Unser Ziel ist es, Ihnen den besten Service zu bieten, indem wir p\u00fcnktlich liefern und budgetfreundliche L\u00f6sungen anbieten.   <\/p>\n<ul>\n<li><strong>Zusammenarbeit<\/strong> Bei unseren Projekten arbeiten wir eng mit unseren Kunden zusammen und ber\u00fccksichtigen ihre W\u00fcnsche bei jedem Schritt.<\/li>\n<li><strong>Flexibilit\u00e4t:<\/strong> Wir bieten flexible L\u00f6sungen je nach Projektanforderungen und k\u00f6nnen uns schnell und effektiv an \u00c4nderungen anpassen.<\/li>\n<li><strong>Professionalit\u00e4t<\/strong> Wir gehen keine Kompromisse bei den hohen Qualit\u00e4tsstandards ein und verfolgen in jeder Phase einen professionellen Ansatz.<\/li>\n<\/ul>\n\t\t\t\t\t\t\t\t<\/div>\n\t\t\t\t<\/div>\n\t\t\t\t<div class=\"elementor-element elementor-element-c503daf elementor-widget elementor-widget-button\" data-id=\"c503daf\" data-element_type=\"widget\" data-e-type=\"widget\" data-widget_type=\"button.default\">\n\t\t\t\t<div class=\"elementor-widget-container\">\n\t\t\t\t\t\t\t\t\t<div class=\"elementor-button-wrapper\">\n\t\t\t\t\t<a class=\"elementor-button elementor-button-link elementor-size-sm\" href=\"https:\/\/wa.me\/905445401367?text=Merhaba%20video%20%C3%A7ekimi%20i%C3%A7in%20fiyat%20alabilir%20miyim%20?\" target=\"_blank\" rel=\"noopener\">\n\t\t\t\t\t\t<span class=\"elementor-button-content-wrapper\">\n\t\t\t\t\t\t\t\t\t<span class=\"elementor-button-text\">Preisangebot einholen<\/span>\n\t\t\t\t\t<\/span>\n\t\t\t\t\t<\/a>\n\t\t\t\t<\/div>\n\t\t\t\t\t\t\t\t<\/div>\n\t\t\t\t<\/div>\n\t\t\t\t\t<\/div>\n\t\t<\/div>\n\t\t\t\t\t<\/div>\n\t\t<\/div>\n\t\t<div class=\"elementor-element elementor-element-8d55154 e-flex e-con-boxed e-con e-parent\" data-id=\"8d55154\" data-element_type=\"container\" data-e-type=\"container\">\n\t\t\t\t\t<div class=\"e-con-inner\">\n\t\t<div class=\"elementor-element elementor-element-9c230b1 e-con-full e-flex e-con e-child\" data-id=\"9c230b1\" data-element_type=\"container\" data-e-type=\"container\">\n\t\t\t\t<div class=\"elementor-element elementor-element-c161ada elementor-widget elementor-widget-video\" data-id=\"c161ada\" data-element_type=\"widget\" data-e-type=\"widget\" data-settings=\"{&quot;youtube_url&quot;:&quot;https:\\\/\\\/www.youtube.com\\\/watch?v=NiaXERycUjs&amp;ab_channel=MeditoryAjans&quot;,&quot;video_type&quot;:&quot;youtube&quot;,&quot;controls&quot;:&quot;yes&quot;}\" data-widget_type=\"video.default\">\n\t\t\t\t<div class=\"elementor-widget-container\">\n\t\t\t\t\t\t\t<div class=\"elementor-wrapper elementor-open-inline\">\n\t\t\t<div class=\"elementor-video\"><\/div>\t\t<\/div>\n\t\t\t\t\t\t<\/div>\n\t\t\t\t<\/div>\n\t\t\t\t<\/div>\n\t\t<div class=\"elementor-element elementor-element-658f813 e-con-full e-flex e-con e-child\" data-id=\"658f813\" data-element_type=\"container\" data-e-type=\"container\">\n\t\t\t\t<div class=\"elementor-element elementor-element-7be4a49 elementor-widget elementor-widget-video\" data-id=\"7be4a49\" data-element_type=\"widget\" data-e-type=\"widget\" data-settings=\"{&quot;youtube_url&quot;:&quot;https:\\\/\\\/www.youtube.com\\\/watch?v=QCMTO4Rv6YE&amp;ab_channel=MeditoryAjans&quot;,&quot;video_type&quot;:&quot;youtube&quot;,&quot;controls&quot;:&quot;yes&quot;}\" data-widget_type=\"video.default\">\n\t\t\t\t<div class=\"elementor-widget-container\">\n\t\t\t\t\t\t\t<div class=\"elementor-wrapper elementor-open-inline\">\n\t\t\t<div class=\"elementor-video\"><\/div>\t\t<\/div>\n\t\t\t\t\t\t<\/div>\n\t\t\t\t<\/div>\n\t\t\t\t<\/div>\n\t\t\t\t\t<\/div>\n\t\t\t\t<\/div>\n\t\t\t\t<section class=\"elementor-section elementor-top-section elementor-element elementor-element-54beffae elementor-section-boxed elementor-section-height-default elementor-section-height-default\" data-id=\"54beffae\" data-element_type=\"section\" data-e-type=\"section\">\n\t\t\t\t\t\t<div class=\"elementor-container elementor-column-gap-default\">\n\t\t\t\t\t<div class=\"elementor-column elementor-col-100 elementor-top-column elementor-element elementor-element-7bd0b0d6\" data-id=\"7bd0b0d6\" data-element_type=\"column\" data-e-type=\"column\">\n\t\t\t<div class=\"elementor-widget-wrap elementor-element-populated\">\n\t\t\t\t\t\t<div class=\"elementor-element elementor-element-31e90562 elementor-widget__width-auto elementor-invisible elementor-widget elementor-widget-heading\" data-id=\"31e90562\" data-element_type=\"widget\" data-e-type=\"widget\" data-settings=\"{&quot;_animation&quot;:&quot;fadeInUp&quot;,&quot;_animation_delay&quot;:&quot;200&quot;}\" data-widget_type=\"heading.default\">\n\t\t\t\t<div class=\"elementor-widget-container\">\n\t\t\t\t\t<h6 class=\"elementor-heading-title elementor-size-default\">Unsere Referenzen<\/h6>\t\t\t\t<\/div>\n\t\t\t\t<\/div>\n\t\t\t\t<div class=\"elementor-element elementor-element-2e9dc8d9 elementor-widget elementor-widget-spacer\" data-id=\"2e9dc8d9\" data-element_type=\"widget\" data-e-type=\"widget\" data-widget_type=\"spacer.default\">\n\t\t\t\t<div class=\"elementor-widget-container\">\n\t\t\t\t\t\t\t<div class=\"elementor-spacer\">\n\t\t\t<div class=\"elementor-spacer-inner\"><\/div>\n\t\t<\/div>\n\t\t\t\t\t\t<\/div>\n\t\t\t\t<\/div>\n\t\t\t\t<div class=\"elementor-element elementor-element-23b7be5f elementor-widget__width-initial elementor-widget-tablet__width-initial elementor-widget-mobile__width-inherit  ui-split-animate ui-splitby-chars elementor-widget elementor-widget-heading\" data-id=\"23b7be5f\" data-element_type=\"widget\" data-e-type=\"widget\" data-settings=\"{&quot;ui_animate_split&quot;:&quot;ui-split-animate&quot;,&quot;ui_animate_split_by&quot;:&quot;chars&quot;,&quot;ui_animate_split_style&quot;:&quot;fadeInUp&quot;}\" data-widget_type=\"heading.default\">\n\t\t\t\t<div class=\"elementor-widget-container\">\n\t\t\t\t\t<h2 class=\"elementor-heading-title elementor-size-default\">Durchsuchen Sie unsere Werke<\/h2>\t\t\t\t<\/div>\n\t\t\t\t<\/div>\n\t\t\t\t\t<\/div>\n\t\t<\/div>\n\t\t\t\t\t<\/div>\n\t\t<\/section>\n\t\t\t\t<\/div>\n\t\t","protected":false},"excerpt":{"rendered":"<p>Antalya Video- und Drohnenaufnahmen Wir bieten einen einwandfreien Service mit unserer Qualit\u00e4tsausr\u00fcstung und kreativen Ideen Im digitalen Zeitalter ist Visualit\u00e4t der Schl\u00fcssel, [&hellip;]<\/p>\n","protected":false},"author":1,"featured_media":0,"parent":0,"menu_order":0,"comment_status":"closed","ping_status":"closed","template":"","meta":{"footnotes":""},"class_list":["post-2698","page","type-page","status-publish","hentry"],"_links":{"self":[{"href":"https:\/\/meditoryajans.com\/de\/wp-json\/wp\/v2\/pages\/2698","targetHints":{"allow":["GET"]}}],"collection":[{"href":"https:\/\/meditoryajans.com\/de\/wp-json\/wp\/v2\/pages"}],"about":[{"href":"https:\/\/meditoryajans.com\/de\/wp-json\/wp\/v2\/types\/page"}],"author":[{"embeddable":true,"href":"https:\/\/meditoryajans.com\/de\/wp-json\/wp\/v2\/users\/1"}],"replies":[{"embeddable":true,"href":"https:\/\/meditoryajans.com\/de\/wp-json\/wp\/v2\/comments?post=2698"}],"version-history":[{"count":1,"href":"https:\/\/meditoryajans.com\/de\/wp-json\/wp\/v2\/pages\/2698\/revisions"}],"predecessor-version":[{"id":2699,"href":"https:\/\/meditoryajans.com\/de\/wp-json\/wp\/v2\/pages\/2698\/revisions\/2699"}],"wp:attachment":[{"href":"https:\/\/meditoryajans.com\/de\/wp-json\/wp\/v2\/media?parent=2698"}],"curies":[{"name":"wp","href":"https:\/\/api.w.org\/{rel}","templated":true}]}}