{"id":2710,"date":"2024-03-08T00:07:42","date_gmt":"2024-03-07T21:07:42","guid":{"rendered":"https:\/\/meditoryajans.com\/datenschutzbestimmungen\/"},"modified":"2025-01-31T23:19:18","modified_gmt":"2025-01-31T20:19:18","slug":"datenschutzbestimmungen","status":"publish","type":"page","link":"https:\/\/meditoryajans.com\/de\/datenschutzbestimmungen\/","title":{"rendered":"Datenschutzbestimmungen"},"content":{"rendered":"\n<p>Als <strong>Meditory Agency<\/strong> legen wir gro\u00dfen Wert auf die Privatsph\u00e4re unserer Kunden und Nutzer, die unsere Website besuchen. In dieser Datenschutzrichtlinie wird erl\u00e4utert, wie wir Ihre pers\u00f6nlichen Daten erfassen, verwenden, speichern und sch\u00fctzen. Durch die Nutzung unserer Website erkl\u00e4ren Sie sich mit den in dieser Richtlinie dargelegten Praktiken einverstanden.  <\/p>\n\n<h3 class=\"wp-block-heading\"><strong>1. wir sammeln Informationen<\/strong><\/h3>\n\n<p>Als Meditory Agency sammeln wir verschiedene Informationen, um die Qualit\u00e4t unserer Dienstleistungen zu verbessern und um besser mit Ihnen kommunizieren zu k\u00f6nnen. Die Informationen, die wir sammeln, sind wie folgt: <\/p>\n\n<p><strong>a. Pers\u00f6nliche Informationen: <\/strong>  Wir k\u00f6nnen pers\u00f6nliche Daten wie Ihren Namen, Ihre E-Mail-Adresse, Ihre Telefonnummer und Ihre Postanschrift erfassen, wenn Sie Formulare ausf\u00fcllen, unseren Newsletter abonnieren oder uns kontaktieren.<\/p>\n\n<p><strong>b. Technische Informationen: <\/strong>  Wenn Sie unsere Website besuchen, k\u00f6nnen wir automatisch technische Informationen wie Ihre IP-Adresse, den Browsertyp, das Betriebssystem und die besuchten Seiten erfassen.<\/p>\n\n<p><strong>c. Cookies: <\/strong>  Wir verwenden Cookies, um die Benutzererfahrung auf unserer Website zu verbessern. Cookies sind kleine Datendateien, die von Ihrem Webbrowser gespeichert werden. Cookies helfen uns zu verstehen, wie Sie unsere Website nutzen und bieten Ihnen eine pers\u00f6nlichere Erfahrung.  <\/p>\n\n<h3 class=\"wp-block-heading\"><strong>2. die Verwendung von Informationen<\/strong><\/h3>\n\n<p>Wir verwenden die von uns erfassten pers\u00f6nlichen Daten, um Ihnen einen besseren Service zu bieten und f\u00fcr die folgenden Zwecke:<\/p>\n\n<ul class=\"wp-block-list\">\n<li>unsere Dienstleistungen zu erbringen und die von Ihnen gew\u00fcnschten Informationen bereitzustellen.<\/li>\n\n\n\n<li>Um mit Ihnen zu kommunizieren, Ihre Fragen zu beantworten und Sie zu unterst\u00fctzen.<\/li>\n\n\n\n<li>Um unsere Website und Dienstleistungen zu verbessern.<\/li>\n\n\n\n<li>Bereitstellung von Informationen \u00fcber Marketingkampagnen, Newsletter und andere Werbeaktionen (wenn Sie damit einverstanden sind).<\/li>\n\n\n\n<li>Erf\u00fcllen Sie gesetzliche Verpflichtungen und sch\u00fctzen Sie unsere Rechte.<\/li>\n<\/ul>\n\n<h3 class=\"wp-block-heading\"><strong>3. die Weitergabe von Informationen<\/strong><\/h3>\n\n<p>Meditory Agency gibt Ihre pers\u00f6nlichen Daten nicht an Dritte weiter, verkauft oder vermietet sie nicht. Wir k\u00f6nnen Ihre Daten jedoch in den folgenden F\u00e4llen weitergeben: <\/p>\n\n<ul class=\"wp-block-list\">\n<li>Zur Erf\u00fcllung gesetzlicher Anforderungen und, in zwingenden F\u00e4llen, zur Erf\u00fcllung rechtlicher Anforderungen.<\/li>\n\n\n\n<li>Wir k\u00f6nnen Ihre Daten an Drittanbieter weitergeben, denen wir vertrauen (z. B. Hosting-Dienste, Zahlungsabwicklung), um unsere Dienstleistungen zu erbringen und unser Gesch\u00e4ft zu betreiben. Diese Anbieter sind verpflichtet, Ihre pers\u00f6nlichen Daten nur in unserem Auftrag zu verarbeiten und m\u00fcssen die Vertraulichkeit dieser Daten wahren. <\/li>\n<\/ul>\n\n<h3 class=\"wp-block-heading\"><strong>4. die Speicherung und Sicherheit von Informationen<\/strong><\/h3>\n\n<p>Die Sicherheit Ihrer pers\u00f6nlichen Daten ist uns wichtig. Wir ergreifen angemessene Sicherheitsma\u00dfnahmen, um Ihre Daten vor unbefugtem Zugriff, Ver\u00e4nderung, Weitergabe oder Zerst\u00f6rung zu sch\u00fctzen. Wir k\u00f6nnen jedoch nicht garantieren, dass Daten\u00fcbertragungen \u00fcber das Internet v\u00f6llig sicher sind. Daher bitten wir Sie, bei der Online-\u00dcbermittlung Ihrer Daten Vorsicht walten zu lassen.   <\/p>\n\n<h3 class=\"wp-block-heading\"><strong>5) Cookies und \u00e4hnliche Technologien<\/strong><\/h3>\n\n<p>Cookies helfen uns zu verstehen, wie Sie unsere Website nutzen, und bieten Ihnen einen besseren Service. Sie haben das Recht zu entscheiden, ob Sie Cookies akzeptieren wollen oder nicht. Sie k\u00f6nnen Cookies in den Einstellungen Ihres Browsers deaktivieren, aber in diesem Fall k\u00f6nnen Sie m\u00f6glicherweise einige Funktionen unserer Website nicht nutzen.  <\/p>\n\n<h3 class=\"wp-block-heading\"><strong>6. links zu anderen Websites<\/strong><\/h3>\n\n<p>Unsere Website kann Links zu anderen Websites enthalten. F\u00fcr die Datenschutzpraktiken dieser Websites sind wir nicht verantwortlich. Wir empfehlen Ihnen daher, die Datenschutzrichtlinien dieser Websites zu lesen.  <\/p>\n\n<h3 class=\"wp-block-heading\"><strong>7 \u00c4nderungen der Datenschutzbestimmungen<\/strong><\/h3>\n\n<p>Meditory Agency kann diese Datenschutzrichtlinie von Zeit zu Zeit aktualisieren. Wenn wir \u00c4nderungen vornehmen, werden wir diese auf dieser Seite ver\u00f6ffentlichen. Wir empfehlen Ihnen, diese Seite regelm\u00e4\u00dfig zu \u00fcberpr\u00fcfen.  <\/p>\n\n<h3 class=\"wp-block-heading\"><strong>8. Ihre Rechte<\/strong><\/h3>\n\n<p>Wenn Sie Ihre pers\u00f6nlichen Daten aktualisieren, korrigieren oder l\u00f6schen m\u00f6chten, k\u00f6nnen Sie uns kontaktieren. Wenn Sie unsere Marketing-E-Mails abbestellen m\u00f6chten, k\u00f6nnen Sie auch den Link &#8222;Abbestellen&#8220; am Ende jeder E-Mail verwenden. <\/p>\n\n<h3 class=\"wp-block-heading\"><strong>Kontakt<\/strong><\/h3>\n\n<p>Wenn Sie Fragen oder Bedenken bez\u00fcglich dieser Datenschutzrichtlinie haben, kontaktieren Sie uns bitte. Wir werden Ihnen gerne helfen. <\/p>\n\n<p><strong>Meditory Agency<\/strong> E-Mail: [info@meditoryajans .com]<br\/>Telefon:<br\/>[+90 544 540 540 13 67] Adresse: [Antalya\/Turkey]<\/p>\n","protected":false},"excerpt":{"rendered":"<p>Als Meditory Agency legen wir gro\u00dfen Wert auf die Privatsph\u00e4re unserer Kunden und Nutzer, die unsere Website besuchen. In dieser Datenschutzrichtlinie wird [&hellip;]<\/p>\n","protected":false},"author":1,"featured_media":0,"parent":0,"menu_order":0,"comment_status":"closed","ping_status":"open","template":"theme","meta":{"footnotes":""},"class_list":["post-2710","page","type-page","status-publish","hentry"],"_links":{"self":[{"href":"https:\/\/meditoryajans.com\/de\/wp-json\/wp\/v2\/pages\/2710","targetHints":{"allow":["GET"]}}],"collection":[{"href":"https:\/\/meditoryajans.com\/de\/wp-json\/wp\/v2\/pages"}],"about":[{"href":"https:\/\/meditoryajans.com\/de\/wp-json\/wp\/v2\/types\/page"}],"author":[{"embeddable":true,"href":"https:\/\/meditoryajans.com\/de\/wp-json\/wp\/v2\/users\/1"}],"replies":[{"embeddable":true,"href":"https:\/\/meditoryajans.com\/de\/wp-json\/wp\/v2\/comments?post=2710"}],"version-history":[{"count":1,"href":"https:\/\/meditoryajans.com\/de\/wp-json\/wp\/v2\/pages\/2710\/revisions"}],"predecessor-version":[{"id":2711,"href":"https:\/\/meditoryajans.com\/de\/wp-json\/wp\/v2\/pages\/2710\/revisions\/2711"}],"wp:attachment":[{"href":"https:\/\/meditoryajans.com\/de\/wp-json\/wp\/v2\/media?parent=2710"}],"curies":[{"name":"wp","href":"https:\/\/api.w.org\/{rel}","templated":true}]}}