{"id":1270,"date":"2024-07-14T19:33:51","date_gmt":"2024-07-14T16:33:51","guid":{"rendered":"https:\/\/meditoryajans.com\/?post_type=product&#038;p=1270"},"modified":"2025-05-05T12:36:39","modified_gmt":"2025-05-05T09:36:39","slug":"kurumsal-web-tasarim-hizmeti","status":"publish","type":"product","link":"https:\/\/meditoryajans.com\/de\/urun\/kurumsal-web-tasarim-hizmeti\/","title":{"rendered":"Kurumsal Web Tasar\u0131m Hizmeti"},"content":{"rendered":"","protected":false},"excerpt":{"rendered":"<p><strong>Kurumsal Web Tasar\u0131m Hizmeti<\/strong><\/p>\n<ul>\n<li>Domain<\/li>\n<li>Hosting<\/li>\n<li>1 Y\u0131l Teknik Destek<\/li>\n<li>\u00d6zel Tasar\u0131m<\/li>\n<li>5 Sayfa Web Sitesi<\/li>\n<li>Responsive Tasar\u0131m<\/li>\n<li>Y\u00fcksek H\u0131zl\u0131 Site<\/li>\n<li>\u0130\u00e7erik Metni ve G\u00f6rsel Olu\u015fturma<\/li>\n<li>5 Adet Seo Uyumlu Blog Yaz\u0131s\u0131<\/li>\n<li>Seo Kurulumu ve Optimizasyonu<\/li>\n<li>Seo Uyumlu<\/li>\n<li>Pazarlama Entegrasyonlar\u0131<\/li>\n<li>Online \u0130\u015fletme \u00c7\u00f6z\u00fcmleri<\/li>\n<\/ul>\n","protected":false},"featured_media":1288,"comment_status":"open","ping_status":"closed","template":"","meta":[],"product_brand":[],"product_cat":[25],"product_tag":[],"class_list":{"0":"post-1270","1":"product","2":"type-product","3":"status-publish","4":"has-post-thumbnail","6":"product_cat-web-tasarim","8":"first","9":"instock","10":"sale","11":"shipping-taxable","12":"purchasable","13":"product-type-simple"},"_links":{"self":[{"href":"https:\/\/meditoryajans.com\/de\/wp-json\/wp\/v2\/product\/1270","targetHints":{"allow":["GET"]}}],"collection":[{"href":"https:\/\/meditoryajans.com\/de\/wp-json\/wp\/v2\/product"}],"about":[{"href":"https:\/\/meditoryajans.com\/de\/wp-json\/wp\/v2\/types\/product"}],"replies":[{"embeddable":true,"href":"https:\/\/meditoryajans.com\/de\/wp-json\/wp\/v2\/comments?post=1270"}],"wp:featuredmedia":[{"embeddable":true,"href":"https:\/\/meditoryajans.com\/de\/wp-json\/wp\/v2\/media\/1288"}],"wp:attachment":[{"href":"https:\/\/meditoryajans.com\/de\/wp-json\/wp\/v2\/media?parent=1270"}],"wp:term":[{"taxonomy":"product_brand","embeddable":true,"href":"https:\/\/meditoryajans.com\/de\/wp-json\/wp\/v2\/product_brand?post=1270"},{"taxonomy":"product_cat","embeddable":true,"href":"https:\/\/meditoryajans.com\/de\/wp-json\/wp\/v2\/product_cat?post=1270"},{"taxonomy":"product_tag","embeddable":true,"href":"https:\/\/meditoryajans.com\/de\/wp-json\/wp\/v2\/product_tag?post=1270"}],"curies":[{"name":"wp","href":"https:\/\/api.w.org\/{rel}","templated":true}]}}