{"id":3310,"date":"2025-05-04T15:38:10","date_gmt":"2025-05-04T12:38:10","guid":{"rendered":"https:\/\/meditoryajans.com\/?post_type=product&#038;p=3310"},"modified":"2025-05-11T22:45:38","modified_gmt":"2025-05-11T19:45:38","slug":"dijital-buyume-paketi","status":"publish","type":"product","link":"https:\/\/meditoryajans.com\/de\/urun\/dijital-buyume-paketi\/","title":{"rendered":"Dijital B\u00fcy\u00fcme Paketi"},"content":{"rendered":"<div class=\"elementor-element elementor-element-29d0440c elementor-widget elementor-widget-heading animated fadeInUp\" data-id=\"29d0440c\" data-element_type=\"widget\" data-settings=\"{&quot;_animation&quot;:&quot;fadeInUp&quot;,&quot;_animation_delay&quot;:180}\" data-widget_type=\"heading.default\">\n<div class=\"elementor-widget-container\">\n<h4 class=\"elementor-heading-title elementor-size-default\">Dijital B\u00fcy\u00fcme Paketi<\/h4>\n<\/div>\n<\/div>\n<ul>\n<li style=\"list-style-type: none;\">\n<ul class=\"elementor-icon-list-items\">\n<li class=\"elementor-icon-list-item\"><span class=\"elementor-icon-list-text\">Dan\u0131\u015fmanl\u0131k &amp; Raporlama<\/span><\/li>\n<li class=\"elementor-icon-list-item\"><span class=\"elementor-icon-list-text\">Web Geli\u015ftirme + \u0130\u00e7erik Y\u00f6netimi<\/span><\/li>\n<li class=\"elementor-icon-list-item\"><span class=\"elementor-icon-list-text\">Geli\u015fmi\u015f SEO + SEM<\/span><\/li>\n<li class=\"elementor-icon-list-item\"><span class=\"elementor-icon-list-text\">Facebook, Instagram, Google Ads + Medya Planlama<\/span><\/li>\n<li class=\"elementor-icon-list-item\"><span class=\"elementor-icon-list-text\">Online \u0130tibar Y\u00f6netimi<\/span><\/li>\n<li class=\"elementor-icon-list-item\"><span class=\"elementor-icon-list-text\">Reklam Tasar\u0131m\u0131 ve Y\u00f6netimi<\/span><\/li>\n<li class=\"elementor-icon-list-item\"><i class=\"ti ti-email\" aria-hidden=\"true\"><\/i><span class=\"elementor-icon-list-text\">Remarketing<\/span><\/li>\n<li class=\"elementor-icon-list-item\"><span class=\"elementor-icon-list-text\">Inbound + Content + Backlink (2 adet\/ay)<\/span><\/li>\n<li class=\"elementor-icon-list-item\"><span class=\"elementor-icon-list-text\">\u00d6zel Hesap Kurulumu<\/span><\/li>\n<\/ul>\n<\/li>\n<\/ul>\n","protected":false},"excerpt":{"rendered":"<div class=\"elementor-element elementor-element-29d0440c elementor-widget elementor-widget-heading animated fadeInUp\" data-id=\"29d0440c\" data-element_type=\"widget\" data-settings=\"{&quot;_animation&quot;:&quot;fadeInUp&quot;,&quot;_animation_delay&quot;:180}\" data-widget_type=\"heading.default\">\n<div class=\"elementor-widget-container\">\n<h4 class=\"elementor-heading-title elementor-size-default\">Dijital B\u00fcy\u00fcme Paketi<\/h4>\n<\/div>\n<\/div>\n<ul class=\"elementor-icon-list-items\">\n<li class=\"elementor-icon-list-item\"><span class=\"elementor-icon-list-text\">Dan\u0131\u015fmanl\u0131k &amp; Raporlama<\/span><\/li>\n<li class=\"elementor-icon-list-item\"><span class=\"elementor-icon-list-text\">Web Geli\u015ftirme + \u0130\u00e7erik Y\u00f6netimi<\/span><\/li>\n<li class=\"elementor-icon-list-item\"><span class=\"elementor-icon-list-text\">Geli\u015fmi\u015f SEO + SEM<\/span><\/li>\n<li class=\"elementor-icon-list-item\"><span class=\"elementor-icon-list-text\">Facebook, Instagram, Google Ads + Medya Planlama<\/span><\/li>\n<li class=\"elementor-icon-list-item\"><span class=\"elementor-icon-list-text\">Online \u0130tibar Y\u00f6netimi<\/span><\/li>\n<li class=\"elementor-icon-list-item\"><span class=\"elementor-icon-list-text\">Reklam Tasar\u0131m\u0131 ve Y\u00f6netimi<\/span><\/li>\n<li class=\"elementor-icon-list-item\"><i class=\"ti ti-email\" aria-hidden=\"true\"><\/i><span class=\"elementor-icon-list-text\">Remarketing<\/span><\/li>\n<li class=\"elementor-icon-list-item\"><span class=\"elementor-icon-list-text\">Inbound + Content + Backlink (2 adet\/ay)<\/span><\/li>\n<li class=\"elementor-icon-list-item\"><span class=\"elementor-icon-list-text\">\u00d6zel Hesap Kurulumu<\/span><\/li>\n<\/ul>\n","protected":false},"featured_media":3363,"comment_status":"open","ping_status":"closed","template":"","meta":[],"product_brand":[],"product_cat":[56],"product_tag":[],"class_list":{"0":"post-3310","1":"product","2":"type-product","3":"status-publish","4":"has-post-thumbnail","6":"product_cat-dijital-pazarlama","8":"first","9":"instock","10":"shipping-taxable","11":"purchasable","12":"product-type-simple"},"_links":{"self":[{"href":"https:\/\/meditoryajans.com\/de\/wp-json\/wp\/v2\/product\/3310","targetHints":{"allow":["GET"]}}],"collection":[{"href":"https:\/\/meditoryajans.com\/de\/wp-json\/wp\/v2\/product"}],"about":[{"href":"https:\/\/meditoryajans.com\/de\/wp-json\/wp\/v2\/types\/product"}],"replies":[{"embeddable":true,"href":"https:\/\/meditoryajans.com\/de\/wp-json\/wp\/v2\/comments?post=3310"}],"wp:featuredmedia":[{"embeddable":true,"href":"https:\/\/meditoryajans.com\/de\/wp-json\/wp\/v2\/media\/3363"}],"wp:attachment":[{"href":"https:\/\/meditoryajans.com\/de\/wp-json\/wp\/v2\/media?parent=3310"}],"wp:term":[{"taxonomy":"product_brand","embeddable":true,"href":"https:\/\/meditoryajans.com\/de\/wp-json\/wp\/v2\/product_brand?post=3310"},{"taxonomy":"product_cat","embeddable":true,"href":"https:\/\/meditoryajans.com\/de\/wp-json\/wp\/v2\/product_cat?post=3310"},{"taxonomy":"product_tag","embeddable":true,"href":"https:\/\/meditoryajans.com\/de\/wp-json\/wp\/v2\/product_tag?post=3310"}],"curies":[{"name":"wp","href":"https:\/\/api.w.org\/{rel}","templated":true}]}}