{"id":3311,"date":"2025-05-04T15:40:28","date_gmt":"2025-05-04T12:40:28","guid":{"rendered":"https:\/\/meditoryajans.com\/?post_type=product&#038;p=3311"},"modified":"2025-05-11T22:46:21","modified_gmt":"2025-05-11T19:46:21","slug":"dijital-kurumsal-paket","status":"publish","type":"product","link":"https:\/\/meditoryajans.com\/de\/urun\/dijital-kurumsal-paket\/","title":{"rendered":"Dijital Kurumsal Paket"},"content":{"rendered":"<div class=\"elementor-element elementor-element-8598e7b elementor-widget elementor-widget-heading animated fadeInUp\" data-id=\"8598e7b\" data-element_type=\"widget\" data-settings=\"{&quot;_animation&quot;:&quot;fadeInUp&quot;,&quot;_animation_delay&quot;:300}\" data-widget_type=\"heading.default\">\n<div class=\"elementor-widget-container\">\n<h4 class=\"elementor-heading-title elementor-size-default\">Dijital Kurumsal Paket<\/h4>\n<\/div>\n<\/div>\n<div class=\"elementor-element elementor-element-4295ff42 elementor-widget elementor-widget-heading animated fadeInUp\" data-id=\"4295ff42\" data-element_type=\"widget\" data-settings=\"{&quot;_animation&quot;:&quot;fadeInUp&quot;,&quot;_animation_delay&quot;:360}\" data-widget_type=\"heading.default\">\n<div class=\"elementor-widget-container\">\n<ul class=\"elementor-icon-list-items\">\n<li class=\"elementor-icon-list-item\"><span class=\"elementor-icon-list-text\">Dan\u0131\u015fmanl\u0131k + \u00d6zel M\u00fc\u015fteri Temsilcisi<\/span><\/li>\n<li class=\"elementor-icon-list-item\"><span class=\"elementor-icon-list-text\">Web Geli\u015ftirme + \u0130\u00e7erik Y\u00f6netimi<\/span><\/li>\n<li class=\"elementor-icon-list-item\"><span class=\"elementor-icon-list-text\">Pro SEO + SEM<\/span><\/li>\n<li class=\"elementor-icon-list-item\"><span class=\"elementor-icon-list-text\">T\u00fcm Reklam Mecralar\u0131nda Aktif Reklam<\/span><\/li>\n<li class=\"elementor-icon-list-item\"><span class=\"elementor-icon-list-text\">Online \u0130tibar Y\u00f6netimi<\/span><\/li>\n<li class=\"elementor-icon-list-item\"><span class=\"elementor-icon-list-text\">Reklam Tasar\u0131m\u0131 ve Y\u00f6netimi<\/span><\/li>\n<li class=\"elementor-icon-list-item\"><span class=\"elementor-icon-list-text\">Remarketing + Native Ads<\/span><\/li>\n<li class=\"elementor-icon-list-item\"><span class=\"elementor-icon-list-text\">Inbound + Content + Backlink (5 adet\/ay)<\/span><\/li>\n<li class=\"elementor-icon-list-item\"><span class=\"elementor-icon-list-text\">Sosyal Medya Y\u00f6netimi (T\u00fcm Mecralar)<\/span><\/li>\n<li class=\"elementor-icon-list-item\"><span class=\"elementor-icon-list-text\">\u0130\u00e7erik \u00dcretimi: Video + Foto\u011fraf<\/span><\/li>\n<li class=\"elementor-icon-list-item\"><span class=\"elementor-icon-list-text\">Geli\u015fmi\u015f Analytics + GTM Kurulumu<\/span><\/li>\n<li class=\"elementor-icon-list-item\"><span class=\"elementor-icon-list-text\">\u0130leri D\u00fczey Reklam Panel Kurulumlar\u0131<\/span><\/li>\n<li class=\"elementor-icon-list-item\"><span class=\"elementor-icon-list-text\">Firmaya \u00d6zel Raporlamalar<\/span><\/li>\n<\/ul>\n<\/div>\n<\/div>\n","protected":false},"excerpt":{"rendered":"<div class=\"elementor-element elementor-element-8598e7b elementor-widget elementor-widget-heading animated fadeInUp\" data-id=\"8598e7b\" data-element_type=\"widget\" data-settings=\"{&quot;_animation&quot;:&quot;fadeInUp&quot;,&quot;_animation_delay&quot;:300}\" data-widget_type=\"heading.default\">\n<div class=\"elementor-widget-container\">\n<h4 class=\"elementor-heading-title elementor-size-default\">Dijital Kurumsal Paket<\/h4>\n<\/div>\n<\/div>\n<div class=\"elementor-element elementor-element-4295ff42 elementor-widget elementor-widget-heading animated fadeInUp\" data-id=\"4295ff42\" data-element_type=\"widget\" data-settings=\"{&quot;_animation&quot;:&quot;fadeInUp&quot;,&quot;_animation_delay&quot;:360}\" data-widget_type=\"heading.default\">\n<div class=\"elementor-widget-container\">\n<ul class=\"elementor-icon-list-items\">\n<li class=\"elementor-icon-list-item\"><span class=\"elementor-icon-list-text\">Dan\u0131\u015fmanl\u0131k + \u00d6zel M\u00fc\u015fteri Temsilcisi<\/span><\/li>\n<li class=\"elementor-icon-list-item\"><span class=\"elementor-icon-list-text\">Web Geli\u015ftirme + \u0130\u00e7erik Y\u00f6netimi<\/span><\/li>\n<li class=\"elementor-icon-list-item\"><span class=\"elementor-icon-list-text\">Pro SEO + SEM<\/span><\/li>\n<li class=\"elementor-icon-list-item\"><span class=\"elementor-icon-list-text\">T\u00fcm Reklam Mecralar\u0131nda Aktif Reklam<\/span><\/li>\n<li class=\"elementor-icon-list-item\"><span class=\"elementor-icon-list-text\">Online \u0130tibar Y\u00f6netimi<\/span><\/li>\n<li class=\"elementor-icon-list-item\"><span class=\"elementor-icon-list-text\">Reklam Tasar\u0131m\u0131 ve Y\u00f6netimi<\/span><\/li>\n<li class=\"elementor-icon-list-item\"><span class=\"elementor-icon-list-text\">Remarketing + Native Ads<\/span><\/li>\n<li class=\"elementor-icon-list-item\"><span class=\"elementor-icon-list-text\">Inbound + Content + Backlink (5 adet\/ay)<\/span><\/li>\n<li class=\"elementor-icon-list-item\"><span class=\"elementor-icon-list-text\">Sosyal Medya Y\u00f6netimi (T\u00fcm Mecralar)<\/span><\/li>\n<li class=\"elementor-icon-list-item\"><span class=\"elementor-icon-list-text\">\u0130\u00e7erik \u00dcretimi: Video + Foto\u011fraf<\/span><\/li>\n<li class=\"elementor-icon-list-item\"><span class=\"elementor-icon-list-text\">Geli\u015fmi\u015f Analytics + GTM Kurulumu<\/span><\/li>\n<li class=\"elementor-icon-list-item\"><span class=\"elementor-icon-list-text\">\u0130leri D\u00fczey Reklam Panel Kurulumlar\u0131<\/span><\/li>\n<li class=\"elementor-icon-list-item\"><span class=\"elementor-icon-list-text\">Firmaya \u00d6zel Raporlamalar<\/span><\/li>\n<\/ul>\n<\/div>\n<\/div>\n","protected":false},"featured_media":3366,"comment_status":"open","ping_status":"closed","template":"","meta":[],"product_brand":[],"product_cat":[56],"product_tag":[],"class_list":{"0":"post-3311","1":"product","2":"type-product","3":"status-publish","4":"has-post-thumbnail","6":"product_cat-dijital-pazarlama","8":"first","9":"instock","10":"shipping-taxable","11":"purchasable","12":"product-type-simple"},"_links":{"self":[{"href":"https:\/\/meditoryajans.com\/de\/wp-json\/wp\/v2\/product\/3311","targetHints":{"allow":["GET"]}}],"collection":[{"href":"https:\/\/meditoryajans.com\/de\/wp-json\/wp\/v2\/product"}],"about":[{"href":"https:\/\/meditoryajans.com\/de\/wp-json\/wp\/v2\/types\/product"}],"replies":[{"embeddable":true,"href":"https:\/\/meditoryajans.com\/de\/wp-json\/wp\/v2\/comments?post=3311"}],"wp:featuredmedia":[{"embeddable":true,"href":"https:\/\/meditoryajans.com\/de\/wp-json\/wp\/v2\/media\/3366"}],"wp:attachment":[{"href":"https:\/\/meditoryajans.com\/de\/wp-json\/wp\/v2\/media?parent=3311"}],"wp:term":[{"taxonomy":"product_brand","embeddable":true,"href":"https:\/\/meditoryajans.com\/de\/wp-json\/wp\/v2\/product_brand?post=3311"},{"taxonomy":"product_cat","embeddable":true,"href":"https:\/\/meditoryajans.com\/de\/wp-json\/wp\/v2\/product_cat?post=3311"},{"taxonomy":"product_tag","embeddable":true,"href":"https:\/\/meditoryajans.com\/de\/wp-json\/wp\/v2\/product_tag?post=3311"}],"curies":[{"name":"wp","href":"https:\/\/api.w.org\/{rel}","templated":true}]}}